{"id":19424,"date":"2023-04-06T09:34:13","date_gmt":"2023-04-06T09:34:13","guid":{"rendered":"https:\/\/zumbuchenberg.be\/?page_id=19424"},"modified":"2023-09-22T09:02:17","modified_gmt":"2023-09-22T09:02:17","slug":"mentions-legales-protection-des-donnees","status":"publish","type":"page","link":"https:\/\/zumbuchenberg.be\/fr\/mentions-legales-protection-des-donnees\/","title":{"rendered":"Mentions l\u00e9gales &#038; protection des donn\u00e9es"},"content":{"rendered":"\t\t<div data-elementor-type=\"wp-page\" data-elementor-id=\"19424\" class=\"elementor elementor-19424 elementor-18408\">\n\t\t\t\t\t\t<section class=\"elementor-section elementor-top-section elementor-element elementor-element-3cc223a elementor-section-boxed elementor-section-height-default elementor-section-height-default sc_fly_static\" data-id=\"3cc223a\" data-element_type=\"section\" data-e-type=\"section\">\n\t\t\t\t\t\t<div class=\"elementor-container elementor-column-gap-extended\">\n\t\t\t\t\t<div class=\"elementor-column elementor-col-100 elementor-top-column elementor-element elementor-element-2a6e123 sc_content_align_inherit sc_layouts_column_icons_position_left sc_fly_static\" data-id=\"2a6e123\" data-element_type=\"column\" data-e-type=\"column\">\n\t\t\t<div class=\"elementor-widget-wrap elementor-element-populated\">\n\t\t\t\t\t\t<div class=\"elementor-element elementor-element-051d808 sc_fly_static elementor-widget elementor-widget-spacer\" data-id=\"051d808\" data-element_type=\"widget\" data-e-type=\"widget\" data-widget_type=\"spacer.default\">\n\t\t\t\t<div class=\"elementor-widget-container\">\n\t\t\t\t\t\t\t<div class=\"elementor-spacer\">\n\t\t\t<div class=\"elementor-spacer-inner\"><\/div>\n\t\t<\/div>\n\t\t\t\t\t\t<\/div>\n\t\t\t\t<\/div>\n\t\t\t\t\t<\/div>\n\t\t<\/div>\n\t\t\t\t\t<\/div>\n\t\t<\/section>\n\t\t\t\t<section class=\"elementor-section elementor-top-section elementor-element elementor-element-50f3e98 elementor-section-full_width elementor-section-height-default elementor-section-height-default sc_fly_static\" data-id=\"50f3e98\" data-element_type=\"section\" data-e-type=\"section\">\n\t\t\t\t\t\t<div class=\"elementor-container elementor-column-gap-extended\">\n\t\t\t\t\t<div class=\"elementor-column elementor-col-50 elementor-top-column elementor-element elementor-element-3af8fc1 sc_content_align_inherit sc_layouts_column_icons_position_left sc_fly_static\" data-id=\"3af8fc1\" data-element_type=\"column\" data-e-type=\"column\">\n\t\t\t<div class=\"elementor-widget-wrap elementor-element-populated\">\n\t\t\t\t\t\t<div class=\"elementor-element elementor-element-1266a47 sc_fly_static elementor-widget elementor-widget-text-editor\" data-id=\"1266a47\" data-element_type=\"widget\" data-e-type=\"widget\" data-widget_type=\"text-editor.default\">\n\t\t\t\t<div class=\"elementor-widget-container\">\n\t\t\t\t\t\t\t\t\t<h3>Editeur responsable<\/h3><p><strong>Hotel Zum Buchenberg<\/strong><br \/>Vielsalmerstra\u00dfe 10<br \/>B-4780 RODT<\/p><p>T\u00e9l.: +32 22 88 57<\/p><p>E-Mail: hotel.rauschen@skynet.be<\/p><h3>Copyright<\/h3><p>2023 Hotel Zum Buchenberg, tous droits r\u00e9serv\u00e9s.<\/p><p>Tous les textes, illustrations et autres contenus sont prot\u00e9g\u00e9s par des droits d&#8217;auteur. Toute reproduction ou diffusion sans autorisation \u00e9crite pr\u00e9alable est strictement interdite.<\/p><p>\u00a0<\/p>\t\t\t\t\t\t\t\t<\/div>\n\t\t\t\t<\/div>\n\t\t\t\t<div class=\"elementor-element elementor-element-3cdc34c sc_height_small elementor-widget-divider--view-line sc_fly_static elementor-widget elementor-widget-divider\" data-id=\"3cdc34c\" data-element_type=\"widget\" data-e-type=\"widget\" data-widget_type=\"divider.default\">\n\t\t\t\t<div class=\"elementor-widget-container\">\n\t\t\t\t\t\t\t<div class=\"elementor-divider\">\n\t\t\t<span class=\"elementor-divider-separator\">\n\t\t\t\t\t\t<\/span>\n\t\t<\/div>\n\t\t\t\t\t\t<\/div>\n\t\t\t\t<\/div>\n\t\t\t\t<div class=\"elementor-element elementor-element-5d5aa58 sc_fly_static elementor-widget elementor-widget-text-editor\" data-id=\"5d5aa58\" data-element_type=\"widget\" data-e-type=\"widget\" data-widget_type=\"text-editor.default\">\n\t\t\t\t<div class=\"elementor-widget-container\">\n\t\t\t\t\t\t\t\t\t<h4>Photos &amp; vues 3D<\/h4><p><strong>Propix 360<\/strong><br \/>Andreas Jodocy<br class=\"\" \/><br class=\"\" \/><a class=\"\" href=\"http:\/\/www.propix360.com\/\">www.propix360.com<\/a><\/p><p><strong>Alice Peters Photographie<\/strong><br \/><a href=\"https:\/\/www.alicepetersphotographie.com\/\">www.alicepetersphotographie.com<\/a><\/p>\t\t\t\t\t\t\t\t<\/div>\n\t\t\t\t<\/div>\n\t\t\t\t<div class=\"elementor-element elementor-element-17c02f6 sc_height_small elementor-widget-divider--view-line sc_fly_static elementor-widget elementor-widget-divider\" data-id=\"17c02f6\" data-element_type=\"widget\" data-e-type=\"widget\" data-widget_type=\"divider.default\">\n\t\t\t\t<div class=\"elementor-widget-container\">\n\t\t\t\t\t\t\t<div class=\"elementor-divider\">\n\t\t\t<span class=\"elementor-divider-separator\">\n\t\t\t\t\t\t<\/span>\n\t\t<\/div>\n\t\t\t\t\t\t<\/div>\n\t\t\t\t<\/div>\n\t\t\t\t<div class=\"elementor-element elementor-element-5d9cd11 sc_fly_static elementor-widget elementor-widget-text-editor\" data-id=\"5d9cd11\" data-element_type=\"widget\" data-e-type=\"widget\" data-widget_type=\"text-editor.default\">\n\t\t\t\t<div class=\"elementor-widget-container\">\n\t\t\t\t\t\t\t\t\t<h4>Webdesign<\/h4><p><strong>Indigoweb s\u00e0rl<\/strong><strong><br \/><\/strong>Z.I. In den Allern 6<br \/>L-9911 Troisvierges<\/p><p><a href=\"https:\/\/indigo.info\/\" target=\"_blank\" rel=\"noopener\">www.indigo.info<\/a><\/p>\t\t\t\t\t\t\t\t<\/div>\n\t\t\t\t<\/div>\n\t\t\t\t<div class=\"elementor-element elementor-element-c472fff sc_height_small elementor-widget-divider--view-line sc_fly_static elementor-widget elementor-widget-divider\" data-id=\"c472fff\" data-element_type=\"widget\" data-e-type=\"widget\" data-widget_type=\"divider.default\">\n\t\t\t\t<div class=\"elementor-widget-container\">\n\t\t\t\t\t\t\t<div class=\"elementor-divider\">\n\t\t\t<span class=\"elementor-divider-separator\">\n\t\t\t\t\t\t<\/span>\n\t\t<\/div>\n\t\t\t\t\t\t<\/div>\n\t\t\t\t<\/div>\n\t\t\t\t<div class=\"elementor-element elementor-element-f0de2ea sc_fly_static elementor-widget elementor-widget-text-editor\" data-id=\"f0de2ea\" data-element_type=\"widget\" data-e-type=\"widget\" data-widget_type=\"text-editor.default\">\n\t\t\t\t<div class=\"elementor-widget-container\">\n\t\t\t\t\t\t\t\t\t<h4>Webhosting \/ Datacenter<\/h4><p>Host Europe GmbH<br \/>Welserstra\u00dfe 14<br \/>51149 Cologne<br \/>Germany<\/p><p>REG ID: HRB 28495<\/p><p>VAT ID: DE187370678<\/p>\t\t\t\t\t\t\t\t<\/div>\n\t\t\t\t<\/div>\n\t\t\t\t<div class=\"elementor-element elementor-element-8c3a0d1 sc_height_small elementor-widget-divider--view-line sc_fly_static elementor-widget elementor-widget-divider\" data-id=\"8c3a0d1\" data-element_type=\"widget\" data-e-type=\"widget\" data-widget_type=\"divider.default\">\n\t\t\t\t<div class=\"elementor-widget-container\">\n\t\t\t\t\t\t\t<div class=\"elementor-divider\">\n\t\t\t<span class=\"elementor-divider-separator\">\n\t\t\t\t\t\t<\/span>\n\t\t<\/div>\n\t\t\t\t\t\t<\/div>\n\t\t\t\t<\/div>\n\t\t\t\t<div class=\"elementor-element elementor-element-66b4b4e sc_fly_static elementor-widget elementor-widget-text-editor\" data-id=\"66b4b4e\" data-element_type=\"widget\" data-e-type=\"widget\" data-widget_type=\"text-editor.default\">\n\t\t\t\t<div class=\"elementor-widget-container\">\n\t\t\t\t\t\t\t\t\t<h3>Informations l\u00e9gales &amp; conditions d&#8217;utilisation<\/h3><h4>Conditions d&#8217;acc\u00e8s au site web<\/h4><p>Toute personne (ci-apr\u00e8s d\u00e9nomm\u00e9e &#8220;utilisateur&#8221;) qui visite le pr\u00e9sent site est r\u00e9put\u00e9e avoir accept\u00e9 sans condition l&#8217;ensemble des dispositions et conditions d&#8217;utilisation du site de .<br \/>Le Site est accessible \u00e0 tout moment et dans le monde entier. L&#8217;Utilisateur qui consulte le Site est seul responsable du respect des lois et r\u00e8glements en vigueur dans son pays de r\u00e9sidence ou dans le pays \u00e0 partir duquel il acc\u00e8de au Site.<\/p><h4>Modifications des pr\u00e9sentes conditions d&#8217;utilisation, comp\u00e9tence et droit applicable<\/h4><p>Les pr\u00e9sentes conditions d&#8217;utilisation peuvent \u00eatre modifi\u00e9es \u00e0 tout moment par l&#8217;\u00e9diteur. Les conditions d&#8217;utilisation applicables \u00e0 toute utilisation du site sont celles publi\u00e9es sur le site au moment de la consultation par l&#8217;utilisateur. La nullit\u00e9 ou l&#8217;invalidit\u00e9 d&#8217;une disposition des pr\u00e9sentes conditions d&#8217;utilisation n&#8217;affecte pas les autres dispositions des pr\u00e9sentes conditions.<\/p><h4>Clause de non-responsabilit\u00e9<\/h4><p>Bien que toutes les informations contenues sur le site aient \u00e9t\u00e9 soigneusement v\u00e9rifi\u00e9es, elles sont diffus\u00e9es \u00e0 titre d&#8217;information uniquement. L&#8217;\u00e9diteur ne peut en aucun cas \u00eatre tenu responsable de l&#8217;exactitude des informations fournies ni donner de garanties quant \u00e0 leur exhaustivit\u00e9, leur exactitude ou leur actualit\u00e9. Toutes les informations sont donn\u00e9es sous r\u00e9serve de modifications, d&#8217;erreurs ou d&#8217;omissions.<br \/>L&#8217;\u00e9diteur n&#8217;est pas non plus responsable des contenus mis \u00e0 disposition par des tiers et auxquels le site renvoie par le biais d&#8217;hyperliens.<br \/>Enfin, l&#8217;\u00e9diteur n&#8217;assume aucune responsabilit\u00e9 et exclut toute demande de garantie en cas d&#8217;interruption ou de mauvais fonctionnement du site. L&#8217;\u00e9diteur ne peut pas non plus \u00eatre tenu responsable des dommages caus\u00e9s \u00e0 l&#8217;utilisateur, directement ou indirectement, par l&#8217;acc\u00e8s au site ou son utilisation.<\/p>\t\t\t\t\t\t\t\t<\/div>\n\t\t\t\t<\/div>\n\t\t\t\t<div class=\"elementor-element elementor-element-c6a4554 sc_fly_static elementor-widget elementor-widget-spacer\" data-id=\"c6a4554\" data-element_type=\"widget\" data-e-type=\"widget\" data-widget_type=\"spacer.default\">\n\t\t\t\t<div class=\"elementor-widget-container\">\n\t\t\t\t\t\t\t<div class=\"elementor-spacer\">\n\t\t\t<div class=\"elementor-spacer-inner\"><\/div>\n\t\t<\/div>\n\t\t\t\t\t\t<\/div>\n\t\t\t\t<\/div>\n\t\t\t\t\t<\/div>\n\t\t<\/div>\n\t\t\t\t<div class=\"elementor-column elementor-col-50 elementor-top-column elementor-element elementor-element-6e222fe sc_content_align_inherit sc_layouts_column_icons_position_left sc_fly_static\" data-id=\"6e222fe\" data-element_type=\"column\" data-e-type=\"column\">\n\t\t\t<div class=\"elementor-widget-wrap elementor-element-populated\">\n\t\t\t\t\t\t<div class=\"elementor-element elementor-element-c53d356 sc_fly_static elementor-widget elementor-widget-text-editor\" data-id=\"c53d356\" data-element_type=\"widget\" data-e-type=\"widget\" data-widget_type=\"text-editor.default\">\n\t\t\t\t<div class=\"elementor-widget-container\">\n\t\t\t\t\t\t\t\t\t<h3>Vie priv\u00e9e et protection des donn\u00e9es<\/h3><h4>Traitement des donn\u00e9es \u00e0 caract\u00e8re personnel<\/h4><p>Les donn\u00e9es personnelles ne peuvent \u00eatre collect\u00e9es et trait\u00e9es que conform\u00e9ment aux r\u00e8gles des lois sur la protection des donn\u00e9es.<br \/>Dans certains cas, en particulier lorsque l&#8217;utilisateur remplit et envoie un formulaire sur le site, il est possible que certaines donn\u00e9es personnelles soient enregistr\u00e9es sur le serveur. Ces informations sont consid\u00e9r\u00e9es comme confidentielles et trait\u00e9es en cons\u00e9quence. Elles ne sont donc jamais vendues ou transmises \u00e0 des tiers sans l&#8217;accord pr\u00e9alable de l&#8217;utilisateur.<br \/>Si le site dispose d&#8217;une newsletter, l&#8217;utilisateur peut s&#8217;y inscrire afin de recevoir r\u00e9guli\u00e8rement des informations par e-mail. Dans ce cas, l&#8217;\u00e9diteur a besoin d&#8217;une adresse e-mail valide, que l&#8217;utilisateur qui s&#8217;inscrit transmet via le formulaire pr\u00e9vu \u00e0 cet effet. L&#8217;utilisateur confirme \u00eatre le propri\u00e9taire de l&#8217;adresse e-mail transmise et donne son consentement \u00e0 la r\u00e9ception d&#8217;e-mails par le site ou l&#8217;\u00e9diteur. L&#8217;utilisateur a le droit de se d\u00e9sinscrire \u00e0 tout moment.<br \/>L&#8217;utilisateur a le droit de consulter ses donn\u00e9es personnelles afin d&#8217;en v\u00e9rifier l&#8217;exactitude et, le cas \u00e9ch\u00e9ant, d&#8217;en demander la rectification. Pour ce faire, il envoie une lettre recommand\u00e9e \u00e0 l&#8217;\u00e9diteur du site dont les coordonn\u00e9es sont indiqu\u00e9es ci-dessus.<\/p>\t\t\t\t\t\t\t\t<\/div>\n\t\t\t\t<\/div>\n\t\t\t\t<div class=\"elementor-element elementor-element-11f3528 sc_height_small elementor-widget-divider--view-line sc_fly_static elementor-widget elementor-widget-divider\" data-id=\"11f3528\" data-element_type=\"widget\" data-e-type=\"widget\" data-widget_type=\"divider.default\">\n\t\t\t\t<div class=\"elementor-widget-container\">\n\t\t\t\t\t\t\t<div class=\"elementor-divider\">\n\t\t\t<span class=\"elementor-divider-separator\">\n\t\t\t\t\t\t<\/span>\n\t\t<\/div>\n\t\t\t\t\t\t<\/div>\n\t\t\t\t<\/div>\n\t\t\t\t<div class=\"elementor-element elementor-element-ef8115c sc_fly_static elementor-widget elementor-widget-text-editor\" data-id=\"ef8115c\" data-element_type=\"widget\" data-e-type=\"widget\" data-widget_type=\"text-editor.default\">\n\t\t\t\t<div class=\"elementor-widget-container\">\n\t\t\t\t\t\t\t\t\t<h4>Utilisation des cookies<\/h4><p>Ce site utilise des cookies<br \/>Comme la plupart des sites web, ce site utilise des cookies. Les cookies sont de petits fichiers texte non dangereux qui n&#8217;ont en aucun cas d&#8217;impact sur votre vie priv\u00e9e ou sur la s\u00e9curit\u00e9 de votre ordinateur.<br \/>Les cookies am\u00e9liorent le confort de l&#8217;utilisateur sur le site et permettent \u00e0 l&#8217;\u00e9diteur de tenir des statistiques anonymes de fr\u00e9quentation du site.<br \/>Veuillez consulter les instructions de votre navigateur web pour obtenir des informations sur la mani\u00e8re d&#8217;interdire ou de supprimer les cookies sur votre ordinateur.<br \/>L&#8217;\u00e9diteur informe l&#8217;utilisateur que des cookies sont utilis\u00e9s pour am\u00e9liorer le confort d&#8217;utilisation du site, pour en am\u00e9liorer les performances et pour \u00e9tablir des statistiques de fr\u00e9quentation.<br \/>\u00c9tant donn\u00e9 que le site ne peut pas fonctionner sans l&#8217;utilisation de cookies, nous demandons \u00e0 toute personne qui n&#8217;est pas d&#8217;accord avec l&#8217;utilisation de cookies de mettre imm\u00e9diatement fin \u00e0 sa session de navigation sur le site.<\/p>\t\t\t\t\t\t\t\t<\/div>\n\t\t\t\t<\/div>\n\t\t\t\t<div class=\"elementor-element elementor-element-7e9aaa9 sc_height_small elementor-widget-divider--view-line sc_fly_static elementor-widget elementor-widget-divider\" data-id=\"7e9aaa9\" data-element_type=\"widget\" data-e-type=\"widget\" data-widget_type=\"divider.default\">\n\t\t\t\t<div class=\"elementor-widget-container\">\n\t\t\t\t\t\t\t<div class=\"elementor-divider\">\n\t\t\t<span class=\"elementor-divider-separator\">\n\t\t\t\t\t\t<\/span>\n\t\t<\/div>\n\t\t\t\t\t\t<\/div>\n\t\t\t\t<\/div>\n\t\t\t\t<div class=\"elementor-element elementor-element-1ba9273 sc_fly_static elementor-widget elementor-widget-text-editor\" data-id=\"1ba9273\" data-element_type=\"widget\" data-e-type=\"widget\" data-widget_type=\"text-editor.default\">\n\t\t\t\t<div class=\"elementor-widget-container\">\n\t\t\t\t\t\t\t\t\t<h4>Utilisation de Google Analytics<\/h4><p>Ce site web utilise Google Analytics, un service d&#8217;analyse web de Google Inc (&#8220;Google&#8221;). Google Analytics utilise des &#8220;cookies&#8221;, des fichiers texte qui sont enregistr\u00e9s sur votre ordinateur et qui permettent d&#8217;analyser votre utilisation du site web. Les informations g\u00e9n\u00e9r\u00e9es par le cookie concernant votre utilisation de ce site web (y compris votre adresse IP) sont transmises \u00e0 un serveur de Google aux \u00c9tats-Unis et y sont enregistr\u00e9es. Google utilisera cette information dans le but d&#8217;\u00e9valuer votre utilisation du site, de compiler des rapports sur l&#8217;activit\u00e9 du site \u00e0 destination de son \u00e9diteur et de fournir d&#8217;autres services relatifs \u00e0 l&#8217;activit\u00e9 du site et \u00e0 l&#8217;utilisation d&#8217;Internet.<br \/>Le cas \u00e9ch\u00e9ant, Google transmettra \u00e9galement ces informations \u00e0 des tiers, dans la mesure o\u00f9 cela est prescrit par la loi ou si des tiers traitent ces donn\u00e9es pour le compte de Google. Google n&#8217;associera en aucun cas votre adresse IP \u00e0 d&#8217;autres donn\u00e9es de Google. Vous pouvez emp\u00eacher l&#8217;installation des cookies en param\u00e9trant votre navigateur en cons\u00e9quence ; nous attirons toutefois votre attention sur le fait que, dans ce cas, vous ne pourrez peut-\u00eatre pas utiliser toutes les fonctions de ce site web dans leur int\u00e9gralit\u00e9. En utilisant ce site web, vous acceptez que les donn\u00e9es collect\u00e9es \u00e0 votre sujet par Google soient trait\u00e9es de la mani\u00e8re et aux fins d\u00e9crites ci-dessus.<\/p>\t\t\t\t\t\t\t\t<\/div>\n\t\t\t\t<\/div>\n\t\t\t\t<div class=\"elementor-element elementor-element-cc4f1f4 sc_height_small elementor-widget-divider--view-line sc_fly_static elementor-widget elementor-widget-divider\" data-id=\"cc4f1f4\" data-element_type=\"widget\" data-e-type=\"widget\" data-widget_type=\"divider.default\">\n\t\t\t\t<div class=\"elementor-widget-container\">\n\t\t\t\t\t\t\t<div class=\"elementor-divider\">\n\t\t\t<span class=\"elementor-divider-separator\">\n\t\t\t\t\t\t<\/span>\n\t\t<\/div>\n\t\t\t\t\t\t<\/div>\n\t\t\t\t<\/div>\n\t\t\t\t<div class=\"elementor-element elementor-element-97061ed sc_fly_static elementor-widget elementor-widget-text-editor\" data-id=\"97061ed\" data-element_type=\"widget\" data-e-type=\"widget\" data-widget_type=\"text-editor.default\">\n\t\t\t\t<div class=\"elementor-widget-container\">\n\t\t\t\t\t\t\t\t\t<p>Version avril 2023<\/p>\t\t\t\t\t\t\t\t<\/div>\n\t\t\t\t<\/div>\n\t\t\t\t\t<\/div>\n\t\t<\/div>\n\t\t\t\t\t<\/div>\n\t\t<\/section>\n\t\t\t\t<\/div>\n\t\t","protected":false},"excerpt":{"rendered":"<p>Editeur responsable Hotel Zum Buchenberg Vielsalmerstra\u00dfe 10 B-4780 RODT T\u00e9l.: +32 22 88 57 E-Mail: hotel.rauschen@skynet.be Copyright 2023 Hotel Zum Buchenberg, tous droits r\u00e9serv\u00e9s. Tous les textes, illustrations et autres&hellip;<\/p>\n","protected":false},"author":1,"featured_media":0,"parent":0,"menu_order":0,"comment_status":"closed","ping_status":"closed","template":"","meta":{"om_disable_all_campaigns":false,"_monsterinsights_skip_tracking":false,"_monsterinsights_sitenote_active":false,"_monsterinsights_sitenote_note":"","_monsterinsights_sitenote_category":0,"footnotes":""},"class_list":["post-19424","page","type-page","status-publish","hentry"],"aioseo_notices":[],"_links":{"self":[{"href":"https:\/\/zumbuchenberg.be\/fr\/wp-json\/wp\/v2\/pages\/19424","targetHints":{"allow":["GET"]}}],"collection":[{"href":"https:\/\/zumbuchenberg.be\/fr\/wp-json\/wp\/v2\/pages"}],"about":[{"href":"https:\/\/zumbuchenberg.be\/fr\/wp-json\/wp\/v2\/types\/page"}],"author":[{"embeddable":true,"href":"https:\/\/zumbuchenberg.be\/fr\/wp-json\/wp\/v2\/users\/1"}],"replies":[{"embeddable":true,"href":"https:\/\/zumbuchenberg.be\/fr\/wp-json\/wp\/v2\/comments?post=19424"}],"version-history":[{"count":8,"href":"https:\/\/zumbuchenberg.be\/fr\/wp-json\/wp\/v2\/pages\/19424\/revisions"}],"predecessor-version":[{"id":19432,"href":"https:\/\/zumbuchenberg.be\/fr\/wp-json\/wp\/v2\/pages\/19424\/revisions\/19432"}],"wp:attachment":[{"href":"https:\/\/zumbuchenberg.be\/fr\/wp-json\/wp\/v2\/media?parent=19424"}],"curies":[{"name":"wp","href":"https:\/\/api.w.org\/{rel}","templated":true}]}}