{"id":19452,"date":"2023-04-04T09:07:34","date_gmt":"2023-04-04T09:07:34","guid":{"rendered":"https:\/\/zumbuchenberg.be\/?page_id=19452"},"modified":"2023-09-27T09:07:14","modified_gmt":"2023-09-27T09:07:14","slug":"loisirs-et-environnement","status":"publish","type":"page","link":"https:\/\/zumbuchenberg.be\/fr\/loisirs-et-environnement\/","title":{"rendered":"Loisirs et environnement"},"content":{"rendered":"\t\t<div data-elementor-type=\"wp-page\" data-elementor-id=\"19452\" class=\"elementor elementor-19452 elementor-17935\">\n\t\t\t\t\t\t<section class=\"elementor-section elementor-top-section elementor-element elementor-element-3cc223a elementor-section-boxed elementor-section-height-default elementor-section-height-default sc_fly_static\" data-id=\"3cc223a\" data-element_type=\"section\" data-e-type=\"section\">\n\t\t\t\t\t\t<div class=\"elementor-container elementor-column-gap-extended\">\n\t\t\t\t\t<div class=\"elementor-column elementor-col-100 elementor-top-column elementor-element elementor-element-2a6e123 sc_content_align_inherit sc_layouts_column_icons_position_left sc_fly_static\" data-id=\"2a6e123\" data-element_type=\"column\" data-e-type=\"column\">\n\t\t\t<div class=\"elementor-widget-wrap elementor-element-populated\">\n\t\t\t\t\t\t<div class=\"elementor-element elementor-element-051d808 sc_fly_static elementor-widget elementor-widget-spacer\" data-id=\"051d808\" data-element_type=\"widget\" data-e-type=\"widget\" data-widget_type=\"spacer.default\">\n\t\t\t\t<div class=\"elementor-widget-container\">\n\t\t\t\t\t\t\t<div class=\"elementor-spacer\">\n\t\t\t<div class=\"elementor-spacer-inner\"><\/div>\n\t\t<\/div>\n\t\t\t\t\t\t<\/div>\n\t\t\t\t<\/div>\n\t\t\t\t<div class=\"elementor-element elementor-element-1a63a81 sc_fly_static elementor-widget elementor-widget-text-editor\" data-id=\"1a63a81\" data-element_type=\"widget\" data-e-type=\"widget\" data-widget_type=\"text-editor.default\">\n\t\t\t\t<div class=\"elementor-widget-container\">\n\t\t\t\t\t\t\t\t\t<h1 style=\"text-align: center;\"><span style=\"color: #8eb41a;\">Actif en vacances<\/span><\/h1>\t\t\t\t\t\t\t\t<\/div>\n\t\t\t\t<\/div>\n\t\t\t\t<div class=\"elementor-element elementor-element-2157982 sc_fly_static elementor-widget elementor-widget-text-editor\" data-id=\"2157982\" data-element_type=\"widget\" data-e-type=\"widget\" data-widget_type=\"text-editor.default\">\n\t\t\t\t<div class=\"elementor-widget-container\">\n\t\t\t\t\t\t\t\t\t<h4 style=\"text-align: center;\">Tout pr\u00e8s de la nature, si loin du quotidien.<\/h4>\t\t\t\t\t\t\t\t<\/div>\n\t\t\t\t<\/div>\n\t\t\t\t<div class=\"elementor-element elementor-element-1280488 sc_fly_static elementor-widget elementor-widget-spacer\" data-id=\"1280488\" data-element_type=\"widget\" data-e-type=\"widget\" data-widget_type=\"spacer.default\">\n\t\t\t\t<div class=\"elementor-widget-container\">\n\t\t\t\t\t\t\t<div class=\"elementor-spacer\">\n\t\t\t<div class=\"elementor-spacer-inner\"><\/div>\n\t\t<\/div>\n\t\t\t\t\t\t<\/div>\n\t\t\t\t<\/div>\n\t\t\t\t\t<\/div>\n\t\t<\/div>\n\t\t\t\t\t<\/div>\n\t\t<\/section>\n\t\t\t\t<section class=\"elementor-section elementor-top-section elementor-element elementor-element-d4caf11 elementor-section-boxed elementor-section-height-default elementor-section-height-default sc_fly_static\" data-id=\"d4caf11\" data-element_type=\"section\" data-e-type=\"section\">\n\t\t\t\t\t\t<div class=\"elementor-container elementor-column-gap-extended\">\n\t\t\t\t\t<div class=\"elementor-column elementor-col-50 elementor-top-column elementor-element elementor-element-9b53a83 sc_content_align_inherit sc_layouts_column_icons_position_left sc_fly_static\" data-id=\"9b53a83\" data-element_type=\"column\" data-e-type=\"column\">\n\t\t\t<div class=\"elementor-widget-wrap elementor-element-populated\">\n\t\t\t\t\t\t<div class=\"elementor-element elementor-element-bb987de sc_fly_static elementor-widget elementor-widget-text-editor\" data-id=\"bb987de\" data-element_type=\"widget\" data-e-type=\"widget\" data-widget_type=\"text-editor.default\">\n\t\t\t\t<div class=\"elementor-widget-container\">\n\t\t\t\t\t\t\t\t\t<p>Notre r\u00e9gion, avec ses for\u00eats, ses marais (Hautes Fagnes), ses lacs et son climat reconnu, est l&#8217;une des zones de d\u00e9tente les plus connues de Belgique. De longues randonn\u00e9es ou de courtes promenades vous procureront, quelle que soit la saison, une d\u00e9tente et des impressions inoubliables. Un excellent r\u00e9seau de pistes cyclables avec le &#8220;Ravel Weg&#8221; a fait de notre r\u00e9gion l&#8217;une des plus appr\u00e9ci\u00e9es par les cyclistes en Belgique.<\/p><p><strong>La situation centrale de notre h\u00f4tel vous permet de rejoindre en quelques minutes le r\u00e9seau de sentiers de randonn\u00e9e et de pistes cyclables de la r\u00e9gion.<\/strong><\/p>\t\t\t\t\t\t\t\t<\/div>\n\t\t\t\t<\/div>\n\t\t\t\t\t<\/div>\n\t\t<\/div>\n\t\t\t\t<div class=\"elementor-column elementor-col-50 elementor-top-column elementor-element elementor-element-639cfc8 sc_content_align_inherit sc_layouts_column_icons_position_left sc_fly_static\" data-id=\"639cfc8\" data-element_type=\"column\" data-e-type=\"column\">\n\t\t\t<div class=\"elementor-widget-wrap elementor-element-populated\">\n\t\t\t\t\t\t<div class=\"elementor-element elementor-element-e1c1408 sc_fly_static elementor-widget elementor-widget-image\" data-id=\"e1c1408\" data-element_type=\"widget\" data-e-type=\"widget\" data-widget_type=\"image.default\">\n\t\t\t\t<div class=\"elementor-widget-container\">\n\t\t\t\t\t\t\t\t\t\t\t\t\t\t\t<img fetchpriority=\"high\" decoding=\"async\" width=\"1000\" height=\"667\" src=\"https:\/\/zumbuchenberg.be\/wp-content\/uploads\/2023\/09\/hotel-zum-buchenberg-schaukel.jpg\" class=\"attachment-large size-large wp-image-19315\" alt=\"\" srcset=\"https:\/\/zumbuchenberg.be\/wp-content\/uploads\/2023\/09\/hotel-zum-buchenberg-schaukel.jpg 1000w, https:\/\/zumbuchenberg.be\/wp-content\/uploads\/2023\/09\/hotel-zum-buchenberg-schaukel-300x200.jpg 300w, https:\/\/zumbuchenberg.be\/wp-content\/uploads\/2023\/09\/hotel-zum-buchenberg-schaukel-768x512.jpg 768w, https:\/\/zumbuchenberg.be\/wp-content\/uploads\/2023\/09\/hotel-zum-buchenberg-schaukel-370x247.jpg 370w, https:\/\/zumbuchenberg.be\/wp-content\/uploads\/2023\/09\/hotel-zum-buchenberg-schaukel-840x560.jpg 840w, https:\/\/zumbuchenberg.be\/wp-content\/uploads\/2023\/09\/hotel-zum-buchenberg-schaukel-410x273.jpg 410w\" sizes=\"(max-width: 1000px) 100vw, 1000px\" \/>\t\t\t\t\t\t\t\t\t\t\t\t\t\t\t<\/div>\n\t\t\t\t<\/div>\n\t\t\t\t\t<\/div>\n\t\t<\/div>\n\t\t\t\t\t<\/div>\n\t\t<\/section>\n\t\t\t\t<section class=\"elementor-section elementor-top-section elementor-element elementor-element-ea8c1ab scheme_default elementor-section-boxed elementor-section-height-default elementor-section-height-default sc_fly_static\" data-id=\"ea8c1ab\" data-element_type=\"section\" data-e-type=\"section\" data-settings=\"{&quot;background_background&quot;:&quot;classic&quot;}\">\n\t\t\t\t\t\t<div class=\"elementor-container elementor-column-gap-extended\">\n\t\t\t\t\t<div class=\"elementor-column elementor-col-100 elementor-top-column elementor-element elementor-element-a96df48 sc_content_align_inherit sc_layouts_column_icons_position_left sc_fly_static\" data-id=\"a96df48\" data-element_type=\"column\" data-e-type=\"column\">\n\t\t\t<div class=\"elementor-widget-wrap elementor-element-populated\">\n\t\t\t\t\t\t<div class=\"elementor-element elementor-element-65a61cc sc_height_medium sc_fly_static elementor-widget elementor-widget-spacer\" data-id=\"65a61cc\" data-element_type=\"widget\" data-e-type=\"widget\" data-widget_type=\"spacer.default\">\n\t\t\t\t<div class=\"elementor-widget-container\">\n\t\t\t\t\t\t\t<div class=\"elementor-spacer\">\n\t\t\t<div class=\"elementor-spacer-inner\"><\/div>\n\t\t<\/div>\n\t\t\t\t\t\t<\/div>\n\t\t\t\t<\/div>\n\t\t\t\t<div class=\"elementor-element elementor-element-87ad686 elementor-widget-divider--view-line sc_fly_static elementor-widget elementor-widget-divider\" data-id=\"87ad686\" data-element_type=\"widget\" data-e-type=\"widget\" data-widget_type=\"divider.default\">\n\t\t\t\t<div class=\"elementor-widget-container\">\n\t\t\t\t\t\t\t<div class=\"elementor-divider\">\n\t\t\t<span class=\"elementor-divider-separator\">\n\t\t\t\t\t\t<\/span>\n\t\t<\/div>\n\t\t\t\t\t\t<\/div>\n\t\t\t\t<\/div>\n\t\t\t\t<div class=\"elementor-element elementor-element-b06d86a sc_height_medium sc_fly_static elementor-widget elementor-widget-spacer\" data-id=\"b06d86a\" data-element_type=\"widget\" data-e-type=\"widget\" data-widget_type=\"spacer.default\">\n\t\t\t\t<div class=\"elementor-widget-container\">\n\t\t\t\t\t\t\t<div class=\"elementor-spacer\">\n\t\t\t<div class=\"elementor-spacer-inner\"><\/div>\n\t\t<\/div>\n\t\t\t\t\t\t<\/div>\n\t\t\t\t<\/div>\n\t\t\t\t\t<\/div>\n\t\t<\/div>\n\t\t\t\t\t<\/div>\n\t\t<\/section>\n\t\t\t\t<section class=\"elementor-section elementor-top-section elementor-element elementor-element-22f84a8 elementor-section-boxed elementor-section-height-default elementor-section-height-default sc_fly_static\" data-id=\"22f84a8\" data-element_type=\"section\" data-e-type=\"section\">\n\t\t\t\t\t\t<div class=\"elementor-container elementor-column-gap-extended\">\n\t\t\t\t\t<div class=\"elementor-column elementor-col-100 elementor-top-column elementor-element elementor-element-4b1a5a6 sc_content_align_inherit sc_layouts_column_icons_position_left sc_fly_static\" data-id=\"4b1a5a6\" data-element_type=\"column\" data-e-type=\"column\">\n\t\t\t<div class=\"elementor-widget-wrap elementor-element-populated\">\n\t\t\t\t\t\t<div class=\"elementor-element elementor-element-368f76b sc_fly_static elementor-widget elementor-widget-text-editor\" data-id=\"368f76b\" data-element_type=\"widget\" data-e-type=\"widget\" data-widget_type=\"text-editor.default\">\n\t\t\t\t<div class=\"elementor-widget-container\">\n\t\t\t\t\t\t\t\t\t<h2><span style=\"color: #8eb41a;\">Vous le trouverez pr\u00e8s de chez nous :<\/span><\/h2>\t\t\t\t\t\t\t\t<\/div>\n\t\t\t\t<\/div>\n\t\t\t\t<div class=\"elementor-element elementor-element-19310ec sc_fly_static elementor-widget elementor-widget-spacer\" data-id=\"19310ec\" data-element_type=\"widget\" data-e-type=\"widget\" data-widget_type=\"spacer.default\">\n\t\t\t\t<div class=\"elementor-widget-container\">\n\t\t\t\t\t\t\t<div class=\"elementor-spacer\">\n\t\t\t<div class=\"elementor-spacer-inner\"><\/div>\n\t\t<\/div>\n\t\t\t\t\t\t<\/div>\n\t\t\t\t<\/div>\n\t\t\t\t\t<\/div>\n\t\t<\/div>\n\t\t\t\t\t<\/div>\n\t\t<\/section>\n\t\t\t\t<section class=\"elementor-section elementor-top-section elementor-element elementor-element-26b4361 elementor-section-boxed elementor-section-height-default elementor-section-height-default sc_fly_static\" data-id=\"26b4361\" data-element_type=\"section\" data-e-type=\"section\">\n\t\t\t\t\t\t<div class=\"elementor-container elementor-column-gap-extended\">\n\t\t\t\t\t<div class=\"elementor-column elementor-col-50 elementor-top-column elementor-element elementor-element-436518b sc_content_align_inherit sc_layouts_column_icons_position_left sc_fly_static\" data-id=\"436518b\" data-element_type=\"column\" data-e-type=\"column\">\n\t\t\t<div class=\"elementor-widget-wrap elementor-element-populated\">\n\t\t\t\t\t\t<div class=\"elementor-element elementor-element-75c2d2f sc_fly_static elementor-widget elementor-widget-text-editor\" data-id=\"75c2d2f\" data-element_type=\"widget\" data-e-type=\"widget\" data-widget_type=\"text-editor.default\">\n\t\t\t\t<div class=\"elementor-widget-container\">\n\t\t\t\t\t\t\t\t\t<ul><li class=\"box one first last fadeInDown animated\" data-rt-animate=\"animate\" data-rt-animation-type=\"fadeInDown\"><a href=\"http:\/\/www.schieferstollen-recht.be\/\" target=\"_blank\" rel=\"noopener noreferrer\">l&#8217;Ardoiserie de Recht(5km)<\/a><\/li><li class=\"box one first last fadeInDown animated\" data-rt-animate=\"animate\" data-rt-animation-type=\"fadeInDown\"><a href=\"http:\/\/www.railbike.be\/de\/\" target=\"_blank\" rel=\"noopener noreferrer\">Railbike des Hautes Fagnes(40km)<\/a><\/li><li class=\"box one first last fadeInDown animated\" data-rt-animate=\"animate\" data-rt-animation-type=\"fadeInDown\"><a href=\"http:\/\/www.st.vith.be\/sfz\" target=\"_blank\" rel=\"noopener noreferrer\">Piscine \u00e0 St.Vith (5km<\/a>)<\/li><li class=\"box one first last fadeInDown animated\" data-rt-animate=\"animate\" data-rt-animation-type=\"fadeInDown\"><a href=\"http:\/\/www.eastkart.be\" target=\"_blank\" rel=\"noopener noreferrer\">Bowlingcenter \u00e0 Gr\u00fcfflingen (10km)<\/a><\/li><li class=\"box one first last fadeInDown animated\" data-rt-animate=\"animate\" data-rt-animation-type=\"fadeInDown\"><a href=\"http:\/\/www.salsana.be\/\" target=\"_blank\" rel=\"noopener noreferrer\">Grotte de sel\u00a0Salsana in Heuem (14km)<\/a><\/li><li class=\"box one first last fadeInDown animated\" data-rt-animate=\"animate\" data-rt-animation-type=\"fadeInDown\"><a href=\"http:\/\/www.biermuseum.be\/\" target=\"_blank\" rel=\"noopener noreferrer\">Mus\u00e9e de la bi\u00e8re &amp; location de skis Rodt (500m)<\/a><\/li><li class=\"box one first last fadeInDown animated\" data-rt-animate=\"animate\" data-rt-animation-type=\"fadeInDown\"><a href=\"http:\/\/www.baugnez44.be\" target=\"_blank\" rel=\"noopener noreferrer\">Baugnez 44 \u2013 Historical Center (18km)<\/a><\/li><\/ul>\t\t\t\t\t\t\t\t<\/div>\n\t\t\t\t<\/div>\n\t\t\t\t\t<\/div>\n\t\t<\/div>\n\t\t\t\t<div class=\"elementor-column elementor-col-50 elementor-top-column elementor-element elementor-element-501c1ce sc_content_align_inherit sc_layouts_column_icons_position_left sc_fly_static\" data-id=\"501c1ce\" data-element_type=\"column\" data-e-type=\"column\">\n\t\t\t<div class=\"elementor-widget-wrap elementor-element-populated\">\n\t\t\t\t\t\t<div class=\"elementor-element elementor-element-bdd1931 sc_fly_static elementor-widget elementor-widget-text-editor\" data-id=\"bdd1931\" data-element_type=\"widget\" data-e-type=\"widget\" data-widget_type=\"text-editor.default\">\n\t\t\t\t<div class=\"elementor-widget-container\">\n\t\t\t\t\t\t\t\t\t<ul><li class=\"box one first last fadeInDown animated\" data-rt-animate=\"animate\" data-rt-animation-type=\"fadeInDown\"><p><a href=\"http:\/\/www.spa-francorchamps.be\" target=\"_blank\" rel=\"noopener noreferrer\">Spa Froncorchamps (25km)<\/a><\/p><\/li><li class=\"box one first last fadeInDown animated\" data-rt-animate=\"animate\" data-rt-animation-type=\"fadeInDown\"><p><a href=\"http:\/\/www.plopsa.be\/plopsa-coo\" target=\"_blank\" rel=\"noopener noreferrer\">Plopsa Coo (27km)<\/a><\/p><\/li><li class=\"box one first last fadeInDown animated\" data-rt-animate=\"animate\" data-rt-animation-type=\"fadeInDown\"><p><a href=\"https:\/\/actionzone.be\/\" target=\"_blank\" rel=\"noopener noreferrer\">Actionzone Deidenberg (9km)<\/a><\/p><\/li><li data-rt-animate=\"animate\" data-rt-animation-type=\"fadeInDown\"><a href=\"https:\/\/www.a-c-b.eu\/?utm_source=direct&amp;utm_campaign=Redirect-to-Https-Direct\" target=\"_blank\" rel=\"noopener\">Ardenner Cultur Boulevard Hergersberg (32km)<\/a><\/li><li data-rt-animate=\"animate\" data-rt-animation-type=\"fadeInDown\"><a href=\"https:\/\/www.reinhardstein.net\/de\/\" target=\"_blank\" rel=\"noopener\">Ch\u00e2teau Reinhardstein (30km)<\/a><\/li><li data-rt-animate=\"animate\" data-rt-animation-type=\"fadeInDown\"><a href=\"https:\/\/botrange.be\/\" target=\"_blank\" rel=\"noopener\">Parc naturel Botrange (45km)<\/a><\/li><li data-rt-animate=\"animate\" data-rt-animation-type=\"fadeInDown\"><a href=\"https:\/\/www.worriken.be\/\" target=\"_blank\" rel=\"noopener\">Parc de sports et de loisirs Worriken (23km)<\/a><\/li><\/ul>\t\t\t\t\t\t\t\t<\/div>\n\t\t\t\t<\/div>\n\t\t\t\t\t<\/div>\n\t\t<\/div>\n\t\t\t\t\t<\/div>\n\t\t<\/section>\n\t\t\t\t<section class=\"elementor-section elementor-top-section elementor-element elementor-element-9459034 scheme_default elementor-section-boxed elementor-section-height-default elementor-section-height-default sc_fly_static\" data-id=\"9459034\" data-element_type=\"section\" data-e-type=\"section\" data-settings=\"{&quot;background_background&quot;:&quot;classic&quot;}\">\n\t\t\t\t\t\t<div class=\"elementor-container elementor-column-gap-extended\">\n\t\t\t\t\t<div class=\"elementor-column elementor-col-100 elementor-top-column elementor-element elementor-element-27dd897 sc_content_align_inherit sc_layouts_column_icons_position_left sc_fly_static\" data-id=\"27dd897\" data-element_type=\"column\" data-e-type=\"column\">\n\t\t\t<div class=\"elementor-widget-wrap elementor-element-populated\">\n\t\t\t\t\t\t<div class=\"elementor-element elementor-element-88c5d27 sc_height_medium sc_fly_static elementor-widget elementor-widget-spacer\" data-id=\"88c5d27\" data-element_type=\"widget\" data-e-type=\"widget\" data-widget_type=\"spacer.default\">\n\t\t\t\t<div class=\"elementor-widget-container\">\n\t\t\t\t\t\t\t<div class=\"elementor-spacer\">\n\t\t\t<div class=\"elementor-spacer-inner\"><\/div>\n\t\t<\/div>\n\t\t\t\t\t\t<\/div>\n\t\t\t\t<\/div>\n\t\t\t\t<div class=\"elementor-element elementor-element-6780500 sc_fly_static elementor-widget elementor-widget-text-editor\" data-id=\"6780500\" data-element_type=\"widget\" data-e-type=\"widget\" data-widget_type=\"text-editor.default\">\n\t\t\t\t<div class=\"elementor-widget-container\">\n\t\t\t\t\t\t\t\t\t<p>Vous trouverez d&#8217;autres possibilit\u00e9s d&#8217;excursions sur <a href=\"https:\/\/www.ostbelgien.eu\/fr\" target=\"_blank\" rel=\"noopener\"><strong>ostbelgien.eu<\/strong><\/a><\/p>\t\t\t\t\t\t\t\t<\/div>\n\t\t\t\t<\/div>\n\t\t\t\t<div class=\"elementor-element elementor-element-a193087 sc_height_tiny sc_fly_static elementor-widget elementor-widget-spacer\" data-id=\"a193087\" data-element_type=\"widget\" data-e-type=\"widget\" data-widget_type=\"spacer.default\">\n\t\t\t\t<div class=\"elementor-widget-container\">\n\t\t\t\t\t\t\t<div class=\"elementor-spacer\">\n\t\t\t<div class=\"elementor-spacer-inner\"><\/div>\n\t\t<\/div>\n\t\t\t\t\t\t<\/div>\n\t\t\t\t<\/div>\n\t\t\t\t<div class=\"elementor-element elementor-element-9982646 elementor-widget-divider--view-line sc_fly_static elementor-widget elementor-widget-divider\" data-id=\"9982646\" data-element_type=\"widget\" data-e-type=\"widget\" data-widget_type=\"divider.default\">\n\t\t\t\t<div class=\"elementor-widget-container\">\n\t\t\t\t\t\t\t<div class=\"elementor-divider\">\n\t\t\t<span class=\"elementor-divider-separator\">\n\t\t\t\t\t\t<\/span>\n\t\t<\/div>\n\t\t\t\t\t\t<\/div>\n\t\t\t\t<\/div>\n\t\t\t\t<div class=\"elementor-element elementor-element-7c75bcd sc_height_medium sc_fly_static elementor-widget elementor-widget-spacer\" data-id=\"7c75bcd\" data-element_type=\"widget\" data-e-type=\"widget\" data-widget_type=\"spacer.default\">\n\t\t\t\t<div class=\"elementor-widget-container\">\n\t\t\t\t\t\t\t<div class=\"elementor-spacer\">\n\t\t\t<div class=\"elementor-spacer-inner\"><\/div>\n\t\t<\/div>\n\t\t\t\t\t\t<\/div>\n\t\t\t\t<\/div>\n\t\t\t\t\t<\/div>\n\t\t<\/div>\n\t\t\t\t\t<\/div>\n\t\t<\/section>\n\t\t\t\t<section class=\"elementor-section elementor-top-section elementor-element elementor-element-5b604ec elementor-section-boxed elementor-section-height-default elementor-section-height-default sc_fly_static\" data-id=\"5b604ec\" data-element_type=\"section\" data-e-type=\"section\">\n\t\t\t\t\t\t<div class=\"elementor-container elementor-column-gap-extended\">\n\t\t\t\t\t<div class=\"elementor-column elementor-col-100 elementor-top-column elementor-element elementor-element-f245928 sc_content_align_inherit sc_layouts_column_icons_position_left sc_fly_static\" data-id=\"f245928\" data-element_type=\"column\" data-e-type=\"column\">\n\t\t\t<div class=\"elementor-widget-wrap elementor-element-populated\">\n\t\t\t\t\t\t<div class=\"elementor-element elementor-element-b0049c3 sc_fly_static elementor-widget elementor-widget-text-editor\" data-id=\"b0049c3\" data-element_type=\"widget\" data-e-type=\"widget\" data-widget_type=\"text-editor.default\">\n\t\t\t\t<div class=\"elementor-widget-container\">\n\t\t\t\t\t\t\t\t\t<h2><span style=\"color: #8eb41a;\">Planifiez votre randonn\u00e9e<\/span><\/h2>\t\t\t\t\t\t\t\t<\/div>\n\t\t\t\t<\/div>\n\t\t\t\t<div class=\"elementor-element elementor-element-7529162 sc_fly_static elementor-widget elementor-widget-spacer\" data-id=\"7529162\" data-element_type=\"widget\" data-e-type=\"widget\" data-widget_type=\"spacer.default\">\n\t\t\t\t<div class=\"elementor-widget-container\">\n\t\t\t\t\t\t\t<div class=\"elementor-spacer\">\n\t\t\t<div class=\"elementor-spacer-inner\"><\/div>\n\t\t<\/div>\n\t\t\t\t\t\t<\/div>\n\t\t\t\t<\/div>\n\t\t\t\t\t<\/div>\n\t\t<\/div>\n\t\t\t\t\t<\/div>\n\t\t<\/section>\n\t\t\t\t<section class=\"elementor-section elementor-top-section elementor-element elementor-element-29ebf7e elementor-section-boxed elementor-section-height-default elementor-section-height-default sc_fly_static\" data-id=\"29ebf7e\" data-element_type=\"section\" data-e-type=\"section\">\n\t\t\t\t\t\t<div class=\"elementor-container elementor-column-gap-extended\">\n\t\t\t\t\t<div class=\"elementor-column elementor-col-100 elementor-top-column elementor-element elementor-element-1d863e9 sc_content_align_inherit sc_layouts_column_icons_position_left sc_fly_static\" data-id=\"1d863e9\" data-element_type=\"column\" data-e-type=\"column\">\n\t\t\t<div class=\"elementor-widget-wrap elementor-element-populated\">\n\t\t\t\t\t\t<div class=\"elementor-element elementor-element-1ee9419 sc_fly_static elementor-widget elementor-widget-text-editor\" data-id=\"1ee9419\" data-element_type=\"widget\" data-e-type=\"widget\" data-widget_type=\"text-editor.default\">\n\t\t\t\t<div class=\"elementor-widget-container\">\n\t\t\t\t\t\t\t\t\t<ul><li class=\"box one first last fadeInDown animated\" data-rt-animate=\"animate\" data-rt-animation-type=\"fadeInDown\"><p>Vers le <a href=\"https:\/\/www.ostbelgien.eu\/fr\/randonnee\/planificateur-de-randonnees-a-pieds\" target=\"_blank\" rel=\"noopener\">calculateur d&#8217;itin\u00e9raires de randonn\u00e9e GO Canton de l&#8217;Est<\/a><\/p><\/li><\/ul>\t\t\t\t\t\t\t\t<\/div>\n\t\t\t\t<\/div>\n\t\t\t\t<div class=\"elementor-element elementor-element-cf0f0d1 sc_fly_static elementor-widget elementor-widget-spacer\" data-id=\"cf0f0d1\" data-element_type=\"widget\" data-e-type=\"widget\" data-widget_type=\"spacer.default\">\n\t\t\t\t<div class=\"elementor-widget-container\">\n\t\t\t\t\t\t\t<div class=\"elementor-spacer\">\n\t\t\t<div class=\"elementor-spacer-inner\"><\/div>\n\t\t<\/div>\n\t\t\t\t\t\t<\/div>\n\t\t\t\t<\/div>\n\t\t\t\t\t<\/div>\n\t\t<\/div>\n\t\t\t\t\t<\/div>\n\t\t<\/section>\n\t\t\t\t<\/div>\n\t\t","protected":false},"excerpt":{"rendered":"<p>Actif en vacances Tout pr\u00e8s de la nature, si loin du quotidien. Notre r\u00e9gion, avec ses for\u00eats, ses marais (Hautes Fagnes), ses lacs et son climat reconnu, est l&#8217;une des&hellip;<\/p>\n","protected":false},"author":1,"featured_media":19075,"parent":0,"menu_order":0,"comment_status":"closed","ping_status":"closed","template":"","meta":{"om_disable_all_campaigns":false,"_monsterinsights_skip_tracking":false,"_monsterinsights_sitenote_active":false,"_monsterinsights_sitenote_note":"","_monsterinsights_sitenote_category":0,"footnotes":""},"class_list":["post-19452","page","type-page","status-publish","has-post-thumbnail","hentry"],"aioseo_notices":[],"_links":{"self":[{"href":"https:\/\/zumbuchenberg.be\/fr\/wp-json\/wp\/v2\/pages\/19452","targetHints":{"allow":["GET"]}}],"collection":[{"href":"https:\/\/zumbuchenberg.be\/fr\/wp-json\/wp\/v2\/pages"}],"about":[{"href":"https:\/\/zumbuchenberg.be\/fr\/wp-json\/wp\/v2\/types\/page"}],"author":[{"embeddable":true,"href":"https:\/\/zumbuchenberg.be\/fr\/wp-json\/wp\/v2\/users\/1"}],"replies":[{"embeddable":true,"href":"https:\/\/zumbuchenberg.be\/fr\/wp-json\/wp\/v2\/comments?post=19452"}],"version-history":[{"count":6,"href":"https:\/\/zumbuchenberg.be\/fr\/wp-json\/wp\/v2\/pages\/19452\/revisions"}],"predecessor-version":[{"id":19654,"href":"https:\/\/zumbuchenberg.be\/fr\/wp-json\/wp\/v2\/pages\/19452\/revisions\/19654"}],"wp:featuredmedia":[{"embeddable":true,"href":"https:\/\/zumbuchenberg.be\/fr\/wp-json\/wp\/v2\/media\/19075"}],"wp:attachment":[{"href":"https:\/\/zumbuchenberg.be\/fr\/wp-json\/wp\/v2\/media?parent=19452"}],"curies":[{"name":"wp","href":"https:\/\/api.w.org\/{rel}","templated":true}]}}