{"id":19471,"date":"2023-04-05T14:16:07","date_gmt":"2023-04-05T14:16:07","guid":{"rendered":"https:\/\/zumbuchenberg.be\/?page_id=19471"},"modified":"2023-09-27T09:05:54","modified_gmt":"2023-09-27T09:05:54","slug":"bons-dachat","status":"publish","type":"page","link":"https:\/\/zumbuchenberg.be\/fr\/bons-dachat\/","title":{"rendered":"Bons d&#8217;achat"},"content":{"rendered":"\t\t<div data-elementor-type=\"wp-page\" data-elementor-id=\"19471\" class=\"elementor elementor-19471 elementor-18285\">\n\t\t\t\t\t\t<section class=\"elementor-section elementor-top-section elementor-element elementor-element-3cc223a elementor-section-boxed elementor-section-height-default elementor-section-height-default sc_fly_static\" data-id=\"3cc223a\" data-element_type=\"section\" data-e-type=\"section\">\n\t\t\t\t\t\t<div class=\"elementor-container elementor-column-gap-extended\">\n\t\t\t\t\t<div class=\"elementor-column elementor-col-100 elementor-top-column elementor-element elementor-element-2a6e123 sc_content_align_inherit sc_layouts_column_icons_position_left sc_fly_static\" data-id=\"2a6e123\" data-element_type=\"column\" data-e-type=\"column\">\n\t\t\t<div class=\"elementor-widget-wrap elementor-element-populated\">\n\t\t\t\t\t\t<div class=\"elementor-element elementor-element-051d808 sc_fly_static elementor-widget elementor-widget-spacer\" data-id=\"051d808\" data-element_type=\"widget\" data-e-type=\"widget\" data-widget_type=\"spacer.default\">\n\t\t\t\t<div class=\"elementor-widget-container\">\n\t\t\t\t\t\t\t<div class=\"elementor-spacer\">\n\t\t\t<div class=\"elementor-spacer-inner\"><\/div>\n\t\t<\/div>\n\t\t\t\t\t\t<\/div>\n\t\t\t\t<\/div>\n\t\t\t\t<div class=\"elementor-element elementor-element-1a63a81 sc_fly_static elementor-widget elementor-widget-text-editor\" data-id=\"1a63a81\" data-element_type=\"widget\" data-e-type=\"widget\" data-widget_type=\"text-editor.default\">\n\t\t\t\t<div class=\"elementor-widget-container\">\n\t\t\t\t\t\t\t\t\t<h1 style=\"text-align: center;\"><span style=\"color: #8eb41a;\">Offrir de la joie<\/span><\/h1>\t\t\t\t\t\t\t\t<\/div>\n\t\t\t\t<\/div>\n\t\t\t\t<div class=\"elementor-element elementor-element-2157982 sc_fly_static elementor-widget elementor-widget-text-editor\" data-id=\"2157982\" data-element_type=\"widget\" data-e-type=\"widget\" data-widget_type=\"text-editor.default\">\n\t\t\t\t<div class=\"elementor-widget-container\">\n\t\t\t\t\t\t\t\t\t<h4 style=\"text-align: center;\">pour vos proches<\/h4>\t\t\t\t\t\t\t\t<\/div>\n\t\t\t\t<\/div>\n\t\t\t\t<div class=\"elementor-element elementor-element-4f144d4 sc_fly_static elementor-widget elementor-widget-spacer\" data-id=\"4f144d4\" data-element_type=\"widget\" data-e-type=\"widget\" data-widget_type=\"spacer.default\">\n\t\t\t\t<div class=\"elementor-widget-container\">\n\t\t\t\t\t\t\t<div class=\"elementor-spacer\">\n\t\t\t<div class=\"elementor-spacer-inner\"><\/div>\n\t\t<\/div>\n\t\t\t\t\t\t<\/div>\n\t\t\t\t<\/div>\n\t\t\t\t\t<\/div>\n\t\t<\/div>\n\t\t\t\t\t<\/div>\n\t\t<\/section>\n\t\t\t\t<section class=\"elementor-section elementor-top-section elementor-element elementor-element-d4caf11 elementor-section-boxed elementor-section-height-default elementor-section-height-default sc_fly_static\" data-id=\"d4caf11\" data-element_type=\"section\" data-e-type=\"section\">\n\t\t\t\t\t\t<div class=\"elementor-container elementor-column-gap-extended\">\n\t\t\t\t\t<div class=\"elementor-column elementor-col-50 elementor-top-column elementor-element elementor-element-9b53a83 sc_content_align_inherit sc_layouts_column_icons_position_left sc_fly_static\" data-id=\"9b53a83\" data-element_type=\"column\" data-e-type=\"column\">\n\t\t\t<div class=\"elementor-widget-wrap elementor-element-populated\">\n\t\t\t\t\t\t<div class=\"elementor-element elementor-element-bb987de sc_fly_static elementor-widget elementor-widget-text-editor\" data-id=\"bb987de\" data-element_type=\"widget\" data-e-type=\"widget\" data-widget_type=\"text-editor.default\">\n\t\t\t\t<div class=\"elementor-widget-container\">\n\t\t\t\t\t\t\t\t\t<p>Avec nos bons cadeaux, vous offrez le grand bonheur en petit format. Adapt\u00e9s \u00e0 toutes les occasions, ils constituent une exp\u00e9rience pr\u00e9cieuse pour tous les go\u00fbts, qu&#8217;il s&#8217;agisse d&#8217;une sortie au restaurant ou d&#8217;un s\u00e9jour \u00e0 l&#8217;h\u00f4tel. Offrez \u00e0 vos proches quelque chose de tr\u00e8s sp\u00e9cial.<\/p><p>Commandez facilement votre bon cadeau sous :<\/p>\t\t\t\t\t\t\t\t<\/div>\n\t\t\t\t<\/div>\n\t\t\t\t<div class=\"elementor-element elementor-element-deef580 sc_height_medium sc_fly_static elementor-widget elementor-widget-spacer\" data-id=\"deef580\" data-element_type=\"widget\" data-e-type=\"widget\" data-widget_type=\"spacer.default\">\n\t\t\t\t<div class=\"elementor-widget-container\">\n\t\t\t\t\t\t\t<div class=\"elementor-spacer\">\n\t\t\t<div class=\"elementor-spacer-inner\"><\/div>\n\t\t<\/div>\n\t\t\t\t\t\t<\/div>\n\t\t\t\t<\/div>\n\t\t\t\t<div class=\"elementor-element elementor-element-6f38400 sc_fly_static elementor-widget elementor-widget-text-editor\" data-id=\"6f38400\" data-element_type=\"widget\" data-e-type=\"widget\" data-widget_type=\"text-editor.default\">\n\t\t\t\t<div class=\"elementor-widget-container\">\n\t\t\t\t\t\t\t\t\t<h3><a href=\"tel: 003280228857\">+32 (0)80 22 88 57<\/a><\/h3>\t\t\t\t\t\t\t\t<\/div>\n\t\t\t\t<\/div>\n\t\t\t\t<div class=\"elementor-element elementor-element-fff6c63 sc_height_medium sc_fly_static elementor-widget elementor-widget-spacer\" data-id=\"fff6c63\" data-element_type=\"widget\" data-e-type=\"widget\" data-widget_type=\"spacer.default\">\n\t\t\t\t<div class=\"elementor-widget-container\">\n\t\t\t\t\t\t\t<div class=\"elementor-spacer\">\n\t\t\t<div class=\"elementor-spacer-inner\"><\/div>\n\t\t<\/div>\n\t\t\t\t\t\t<\/div>\n\t\t\t\t<\/div>\n\t\t\t\t\t<\/div>\n\t\t<\/div>\n\t\t\t\t<div class=\"elementor-column elementor-col-50 elementor-top-column elementor-element elementor-element-639cfc8 sc_content_align_inherit sc_layouts_column_icons_position_left sc_fly_static\" data-id=\"639cfc8\" data-element_type=\"column\" data-e-type=\"column\">\n\t\t\t<div class=\"elementor-widget-wrap elementor-element-populated\">\n\t\t\t\t\t\t<div class=\"elementor-element elementor-element-e1c1408 sc_fly_static elementor-widget elementor-widget-image\" data-id=\"e1c1408\" data-element_type=\"widget\" data-e-type=\"widget\" data-widget_type=\"image.default\">\n\t\t\t\t<div class=\"elementor-widget-container\">\n\t\t\t\t\t\t\t\t\t\t\t\t\t\t\t<img fetchpriority=\"high\" decoding=\"async\" width=\"500\" height=\"375\" src=\"https:\/\/zumbuchenberg.be\/wp-content\/uploads\/2023\/05\/hotel-rauschen-gutscheine.jpg\" class=\"attachment-large size-large wp-image-19228\" alt=\"\" srcset=\"https:\/\/zumbuchenberg.be\/wp-content\/uploads\/2023\/05\/hotel-rauschen-gutscheine.jpg 500w, https:\/\/zumbuchenberg.be\/wp-content\/uploads\/2023\/05\/hotel-rauschen-gutscheine-300x225.jpg 300w, https:\/\/zumbuchenberg.be\/wp-content\/uploads\/2023\/05\/hotel-rauschen-gutscheine-370x278.jpg 370w, https:\/\/zumbuchenberg.be\/wp-content\/uploads\/2023\/05\/hotel-rauschen-gutscheine-410x308.jpg 410w\" sizes=\"(max-width: 600px) 100vw, 500px\" \/>\t\t\t\t\t\t\t\t\t\t\t\t\t\t\t<\/div>\n\t\t\t\t<\/div>\n\t\t\t\t\t<\/div>\n\t\t<\/div>\n\t\t\t\t\t<\/div>\n\t\t<\/section>\n\t\t\t\t<section class=\"elementor-section elementor-top-section elementor-element elementor-element-f702ccf elementor-section-boxed elementor-section-height-default elementor-section-height-default sc_fly_static\" data-id=\"f702ccf\" data-element_type=\"section\" data-e-type=\"section\">\n\t\t\t\t\t\t<div class=\"elementor-container elementor-column-gap-extended\">\n\t\t\t\t\t<div class=\"elementor-column elementor-col-100 elementor-top-column elementor-element elementor-element-9f135f4 sc_content_align_inherit sc_layouts_column_icons_position_left sc_fly_static\" data-id=\"9f135f4\" data-element_type=\"column\" data-e-type=\"column\">\n\t\t\t<div class=\"elementor-widget-wrap elementor-element-populated\">\n\t\t\t\t\t\t<div class=\"elementor-element elementor-element-a9e94dc sc_fly_static elementor-widget elementor-widget-spacer\" data-id=\"a9e94dc\" data-element_type=\"widget\" data-e-type=\"widget\" data-widget_type=\"spacer.default\">\n\t\t\t\t<div class=\"elementor-widget-container\">\n\t\t\t\t\t\t\t<div class=\"elementor-spacer\">\n\t\t\t<div class=\"elementor-spacer-inner\"><\/div>\n\t\t<\/div>\n\t\t\t\t\t\t<\/div>\n\t\t\t\t<\/div>\n\t\t\t\t\t<\/div>\n\t\t<\/div>\n\t\t\t\t\t<\/div>\n\t\t<\/section>\n\t\t\t\t<\/div>\n\t\t","protected":false},"excerpt":{"rendered":"<p>Offrir de la joie pour vos proches Avec nos bons cadeaux, vous offrez le grand bonheur en petit format. Adapt\u00e9s \u00e0 toutes les occasions, ils constituent une exp\u00e9rience pr\u00e9cieuse pour&hellip;<\/p>\n","protected":false},"author":1,"featured_media":0,"parent":0,"menu_order":0,"comment_status":"closed","ping_status":"closed","template":"","meta":{"om_disable_all_campaigns":false,"_monsterinsights_skip_tracking":false,"_monsterinsights_sitenote_active":false,"_monsterinsights_sitenote_note":"","_monsterinsights_sitenote_category":0,"footnotes":""},"class_list":["post-19471","page","type-page","status-publish","hentry"],"aioseo_notices":[],"_links":{"self":[{"href":"https:\/\/zumbuchenberg.be\/fr\/wp-json\/wp\/v2\/pages\/19471","targetHints":{"allow":["GET"]}}],"collection":[{"href":"https:\/\/zumbuchenberg.be\/fr\/wp-json\/wp\/v2\/pages"}],"about":[{"href":"https:\/\/zumbuchenberg.be\/fr\/wp-json\/wp\/v2\/types\/page"}],"author":[{"embeddable":true,"href":"https:\/\/zumbuchenberg.be\/fr\/wp-json\/wp\/v2\/users\/1"}],"replies":[{"embeddable":true,"href":"https:\/\/zumbuchenberg.be\/fr\/wp-json\/wp\/v2\/comments?post=19471"}],"version-history":[{"count":6,"href":"https:\/\/zumbuchenberg.be\/fr\/wp-json\/wp\/v2\/pages\/19471\/revisions"}],"predecessor-version":[{"id":19653,"href":"https:\/\/zumbuchenberg.be\/fr\/wp-json\/wp\/v2\/pages\/19471\/revisions\/19653"}],"wp:attachment":[{"href":"https:\/\/zumbuchenberg.be\/fr\/wp-json\/wp\/v2\/media?parent=19471"}],"curies":[{"name":"wp","href":"https:\/\/api.w.org\/{rel}","templated":true}]}}